{"id":1103,"date":"2020-04-21T23:18:06","date_gmt":"2020-04-22T02:18:06","guid":{"rendered":"http:\/\/www.liceomixto.cl\/losandes\/?page_id=1103"},"modified":"2020-04-30T14:21:14","modified_gmt":"2020-04-30T17:21:14","slug":"psu","status":"publish","type":"page","link":"https:\/\/www.liceomixto.cl\/losandes\/psu\/","title":{"rendered":"PSU"},"content":{"rendered":"\t\t<div data-elementor-type=\"wp-page\" data-elementor-id=\"1103\" class=\"elementor elementor-1103\">\n\t\t\t\t\t\t<section class=\"elementor-section elementor-top-section elementor-element elementor-element-5eb19dcf elementor-section-height-min-height elementor-section-boxed elementor-section-height-default elementor-section-items-middle\" data-id=\"5eb19dcf\" data-element_type=\"section\" data-e-type=\"section\" data-settings=\"{&quot;background_background&quot;:&quot;classic&quot;}\">\n\t\t\t\t\t\t\t<div class=\"elementor-background-overlay\"><\/div>\n\t\t\t\t\t\t\t<div class=\"elementor-container elementor-column-gap-default\">\n\t\t\t\t\t<div class=\"elementor-column elementor-col-100 elementor-top-column elementor-element elementor-element-6b106e67\" data-id=\"6b106e67\" data-element_type=\"column\" data-e-type=\"column\">\n\t\t\t<div class=\"elementor-widget-wrap elementor-element-populated\">\n\t\t\t\t\t\t<div class=\"elementor-element elementor-element-9485381 elementor-widget elementor-widget-page-title\" data-id=\"9485381\" data-element_type=\"widget\" data-e-type=\"widget\" data-settings=\"{&quot;align&quot;:&quot;left&quot;,&quot;align_mobile&quot;:&quot;center&quot;}\" data-widget_type=\"page-title.default\">\n\t\t\t\t<div class=\"elementor-widget-container\">\n\t\t\t\t\t\t\t\n\t\t<div class=\"hfe-page-title hfe-page-title-wrapper elementor-widget-heading\">\n\n\t\t\t\t\t\t\t\t\t\t\t<a href=\"https:\/\/www.liceomixto.cl\/losandes\">\n\t\t\t\t\t\t<h1 class=\"elementor-heading-title elementor-size-default\">\n\t\t\t\t\t\t\t\t\n\t\t\t\tPSU  \n\t\t\t<\/h1 > \n\t\t\t\t\t\t\t\t\t<\/a>\n\t\t\t\t\t<\/div>\n\t\t\t\t\t\t<\/div>\n\t\t\t\t<\/div>\n\t\t\t\t\t<\/div>\n\t\t<\/div>\n\t\t\t\t\t<\/div>\n\t\t<\/section>\n\t\t\t\t<section class=\"elementor-section elementor-top-section elementor-element elementor-element-55c56163 elementor-section-boxed elementor-section-height-default elementor-section-height-default\" data-id=\"55c56163\" data-element_type=\"section\" data-e-type=\"section\" data-settings=\"{&quot;background_background&quot;:&quot;classic&quot;}\">\n\t\t\t\t\t\t<div class=\"elementor-container elementor-column-gap-default\">\n\t\t\t\t\t<div class=\"elementor-column elementor-col-66 elementor-top-column elementor-element elementor-element-62275fba\" data-id=\"62275fba\" data-element_type=\"column\" data-e-type=\"column\">\n\t\t\t<div class=\"elementor-widget-wrap elementor-element-populated\">\n\t\t\t\t\t\t<div class=\"elementor-element elementor-element-cf7d392 elementor-widget elementor-widget-heading\" data-id=\"cf7d392\" data-element_type=\"widget\" data-e-type=\"widget\" data-widget_type=\"heading.default\">\n\t\t\t\t<div class=\"elementor-widget-container\">\n\t\t\t\t\t<h2 class=\"elementor-heading-title elementor-size-default\">Departamento de Orientaci\u00f3n \/ PSU<\/h2>\t\t\t\t<\/div>\n\t\t\t\t<\/div>\n\t\t\t\t<div class=\"elementor-element elementor-element-2286169 elementor-widget elementor-widget-text-editor\" data-id=\"2286169\" data-element_type=\"widget\" data-e-type=\"widget\" data-widget_type=\"text-editor.default\">\n\t\t\t\t<div class=\"elementor-widget-container\">\n\t\t\t\t\t\t\t\t\tEn esta p\u00e1gina encontrar\u00e1s toda la informaci\u00f3n y art\u00edculos de utilidad relacionados con la Prueba de Selecci\u00f3n Universitaria PSU. Rev\u00edsala todas las semanas, siempre encontrar\u00e1s nuevas ayudas y pautas.\n\n\t\t\t\t\t\t\t\t<\/div>\n\t\t\t\t<\/div>\n\t\t\t\t\t<\/div>\n\t\t<\/div>\n\t\t\t\t<div class=\"elementor-column elementor-col-33 elementor-top-column elementor-element elementor-element-1fc32ac2\" data-id=\"1fc32ac2\" data-element_type=\"column\" data-e-type=\"column\">\n\t\t\t<div class=\"elementor-widget-wrap elementor-element-populated\">\n\t\t\t\t\t\t\t<\/div>\n\t\t<\/div>\n\t\t\t\t\t<\/div>\n\t\t<\/section>\n\t\t\t\t<\/div>\n\t\t","protected":false},"excerpt":{"rendered":"<p>PSU Departamento de Orientaci\u00f3n \/ PSU En esta p\u00e1gina encontrar\u00e1s toda la informaci\u00f3n y art\u00edculos de utilidad relacionados con la Prueba de Selecci\u00f3n Universitaria PSU. Rev\u00edsala todas las semanas, siempre encontrar\u00e1s nuevas ayudas y pautas.<\/p>\n","protected":false},"author":5,"featured_media":0,"parent":0,"menu_order":0,"comment_status":"closed","ping_status":"closed","template":"elementor_header_footer","meta":{"_acf_changed":false,"_monsterinsights_skip_tracking":false,"_monsterinsights_sitenote_active":false,"_monsterinsights_sitenote_note":"","_monsterinsights_sitenote_category":0,"footnotes":""},"class_list":["post-1103","page","type-page","status-publish","hentry"],"acf":[],"_links":{"self":[{"href":"https:\/\/www.liceomixto.cl\/losandes\/wp-json\/wp\/v2\/pages\/1103","targetHints":{"allow":["GET"]}}],"collection":[{"href":"https:\/\/www.liceomixto.cl\/losandes\/wp-json\/wp\/v2\/pages"}],"about":[{"href":"https:\/\/www.liceomixto.cl\/losandes\/wp-json\/wp\/v2\/types\/page"}],"author":[{"embeddable":true,"href":"https:\/\/www.liceomixto.cl\/losandes\/wp-json\/wp\/v2\/users\/5"}],"replies":[{"embeddable":true,"href":"https:\/\/www.liceomixto.cl\/losandes\/wp-json\/wp\/v2\/comments?post=1103"}],"version-history":[{"count":9,"href":"https:\/\/www.liceomixto.cl\/losandes\/wp-json\/wp\/v2\/pages\/1103\/revisions"}],"predecessor-version":[{"id":1812,"href":"https:\/\/www.liceomixto.cl\/losandes\/wp-json\/wp\/v2\/pages\/1103\/revisions\/1812"}],"wp:attachment":[{"href":"https:\/\/www.liceomixto.cl\/losandes\/wp-json\/wp\/v2\/media?parent=1103"}],"curies":[{"name":"wp","href":"https:\/\/api.w.org\/{rel}","templated":true}]}}