{"id":1897,"date":"2020-05-05T15:09:56","date_gmt":"2020-05-05T18:09:56","guid":{"rendered":"http:\/\/www.liceomixto.cl\/losandes\/?page_id=1897"},"modified":"2022-12-02T09:40:30","modified_gmt":"2022-12-02T12:40:30","slug":"galeria","status":"publish","type":"page","link":"https:\/\/www.liceomixto.cl\/losandes\/galeria\/","title":{"rendered":"Galer\u00eda"},"content":{"rendered":"\t\t<div data-elementor-type=\"wp-page\" data-elementor-id=\"1897\" class=\"elementor elementor-1897\">\n\t\t\t\t\t\t<section class=\"elementor-section elementor-top-section elementor-element elementor-element-186efb51 elementor-section-height-min-height elementor-section-boxed elementor-section-height-default elementor-section-items-middle\" data-id=\"186efb51\" data-element_type=\"section\" data-e-type=\"section\" data-settings=\"{&quot;background_background&quot;:&quot;classic&quot;}\">\n\t\t\t\t\t\t\t<div class=\"elementor-background-overlay\"><\/div>\n\t\t\t\t\t\t\t<div class=\"elementor-container elementor-column-gap-default\">\n\t\t\t\t\t<div class=\"elementor-column elementor-col-100 elementor-top-column elementor-element elementor-element-22a0a23c\" data-id=\"22a0a23c\" data-element_type=\"column\" data-e-type=\"column\">\n\t\t\t<div class=\"elementor-widget-wrap elementor-element-populated\">\n\t\t\t\t\t\t<div class=\"elementor-element elementor-element-22f2c994 elementor-widget elementor-widget-page-title\" data-id=\"22f2c994\" data-element_type=\"widget\" data-e-type=\"widget\" data-settings=\"{&quot;align&quot;:&quot;left&quot;,&quot;align_mobile&quot;:&quot;center&quot;}\" data-widget_type=\"page-title.default\">\n\t\t\t\t<div class=\"elementor-widget-container\">\n\t\t\t\t\t\t\t\n\t\t<div class=\"hfe-page-title hfe-page-title-wrapper elementor-widget-heading\">\n\n\t\t\t\t\t\t\t\t\t\t\t<a href=\"https:\/\/www.liceomixto.cl\/losandes\">\n\t\t\t\t\t\t<h1 class=\"elementor-heading-title elementor-size-default\">\n\t\t\t\t\t\t\t\t\n\t\t\t\tGaler\u00eda  \n\t\t\t<\/h1 > \n\t\t\t\t\t\t\t\t\t<\/a>\n\t\t\t\t\t<\/div>\n\t\t\t\t\t\t<\/div>\n\t\t\t\t<\/div>\n\t\t\t\t\t<\/div>\n\t\t<\/div>\n\t\t\t\t\t<\/div>\n\t\t<\/section>\n\t\t\t\t<section class=\"elementor-section elementor-top-section elementor-element elementor-element-1a1f2c77 elementor-section-boxed elementor-section-height-default elementor-section-height-default\" data-id=\"1a1f2c77\" data-element_type=\"section\" data-e-type=\"section\" data-settings=\"{&quot;background_background&quot;:&quot;classic&quot;}\">\n\t\t\t\t\t\t<div class=\"elementor-container elementor-column-gap-default\">\n\t\t\t\t\t<div class=\"elementor-column elementor-col-100 elementor-top-column elementor-element elementor-element-165fd1f4\" data-id=\"165fd1f4\" data-element_type=\"column\" data-e-type=\"column\">\n\t\t\t<div class=\"elementor-widget-wrap elementor-element-populated\">\n\t\t\t\t\t\t<section class=\"elementor-section elementor-inner-section elementor-element elementor-element-c6cb781 elementor-section-boxed elementor-section-height-default elementor-section-height-default\" data-id=\"c6cb781\" data-element_type=\"section\" data-e-type=\"section\">\n\t\t\t\t\t\t<div class=\"elementor-container elementor-column-gap-default\">\n\t\t\t\t\t<div class=\"elementor-column elementor-col-25 elementor-inner-column elementor-element elementor-element-b112618\" data-id=\"b112618\" data-element_type=\"column\" data-e-type=\"column\">\n\t\t\t<div class=\"elementor-widget-wrap elementor-element-populated\">\n\t\t\t\t\t\t<div class=\"elementor-element elementor-element-3d666cf elementor-widget elementor-widget-image\" data-id=\"3d666cf\" data-element_type=\"widget\" data-e-type=\"widget\" data-widget_type=\"image.default\">\n\t\t\t\t<div class=\"elementor-widget-container\">\n\t\t\t\t\t\t\t\t\t\t\t\t\t\t\t\t<a href=\"https:\/\/www.liceomixto.cl\/losandes\/galeria\/licenciatura-cuartos-medios-2022\/\">\n\t\t\t\t\t\t\t<img fetchpriority=\"high\" decoding=\"async\" width=\"750\" height=\"500\" src=\"https:\/\/www.liceomixto.cl\/losandes\/wp-content\/uploads\/2022\/12\/IMG_6268-1024x683.jpg\" class=\"attachment-large size-large wp-image-6630\" alt=\"\" srcset=\"https:\/\/www.liceomixto.cl\/losandes\/wp-content\/uploads\/2022\/12\/IMG_6268-1024x683.jpg 1024w, https:\/\/www.liceomixto.cl\/losandes\/wp-content\/uploads\/2022\/12\/IMG_6268-300x200.jpg 300w, https:\/\/www.liceomixto.cl\/losandes\/wp-content\/uploads\/2022\/12\/IMG_6268-768x512.jpg 768w, https:\/\/www.liceomixto.cl\/losandes\/wp-content\/uploads\/2022\/12\/IMG_6268-1536x1024.jpg 1536w, https:\/\/www.liceomixto.cl\/losandes\/wp-content\/uploads\/2022\/12\/IMG_6268-2048x1365.jpg 2048w, https:\/\/www.liceomixto.cl\/losandes\/wp-content\/uploads\/2022\/12\/IMG_6268-360x240.jpg 360w\" sizes=\"(max-width: 750px) 100vw, 750px\" \/>\t\t\t\t\t\t\t\t<\/a>\n\t\t\t\t\t\t\t\t\t\t\t\t\t\t\t<\/div>\n\t\t\t\t<\/div>\n\t\t\t\t<div class=\"elementor-element elementor-element-18644df elementor-widget elementor-widget-heading\" data-id=\"18644df\" data-element_type=\"widget\" data-e-type=\"widget\" data-widget_type=\"heading.default\">\n\t\t\t\t<div class=\"elementor-widget-container\">\n\t\t\t\t\t<h6 class=\"elementor-heading-title elementor-size-default\"><a href=\"https:\/\/www.liceomixto.cl\/losandes\/galeria\/licenciatura-cuartos-medios-2022\/\">Licenciatura Cuartos Medios 2022<\/a><\/h6>\t\t\t\t<\/div>\n\t\t\t\t<\/div>\n\t\t\t\t\t<\/div>\n\t\t<\/div>\n\t\t\t\t<div class=\"elementor-column elementor-col-25 elementor-inner-column elementor-element elementor-element-676a627\" data-id=\"676a627\" data-element_type=\"column\" data-e-type=\"column\">\n\t\t\t<div class=\"elementor-widget-wrap elementor-element-populated\">\n\t\t\t\t\t\t<div class=\"elementor-element elementor-element-0f5f440 elementor-widget elementor-widget-image\" data-id=\"0f5f440\" data-element_type=\"widget\" data-e-type=\"widget\" data-widget_type=\"image.default\">\n\t\t\t\t<div class=\"elementor-widget-container\">\n\t\t\t\t\t\t\t\t\t\t\t\t\t\t\t\t<a href=\"https:\/\/www.liceomixto.cl\/losandes\/galeria\/titulacion-de-estudiantes-tp-promocion-2018-2019\/\">\n\t\t\t\t\t\t\t<img decoding=\"async\" width=\"750\" height=\"498\" data-src=\"https:\/\/www.liceomixto.cl\/losandes\/wp-content\/uploads\/2022\/12\/IMG-4799-1024x680.jpg\" class=\"attachment-large size-large wp-image-6400 lazyload\" alt=\"\" data-srcset=\"https:\/\/www.liceomixto.cl\/losandes\/wp-content\/uploads\/2022\/12\/IMG-4799-1024x680.jpg 1024w, https:\/\/www.liceomixto.cl\/losandes\/wp-content\/uploads\/2022\/12\/IMG-4799-300x199.jpg 300w, https:\/\/www.liceomixto.cl\/losandes\/wp-content\/uploads\/2022\/12\/IMG-4799-768x510.jpg 768w, https:\/\/www.liceomixto.cl\/losandes\/wp-content\/uploads\/2022\/12\/IMG-4799-1536x1020.jpg 1536w, https:\/\/www.liceomixto.cl\/losandes\/wp-content\/uploads\/2022\/12\/IMG-4799-2048x1360.jpg 2048w, https:\/\/www.liceomixto.cl\/losandes\/wp-content\/uploads\/2022\/12\/IMG-4799-360x240.jpg 360w\" data-sizes=\"(max-width: 750px) 100vw, 750px\" src=\"data:image\/svg+xml;base64,PHN2ZyB3aWR0aD0iMSIgaGVpZ2h0PSIxIiB4bWxucz0iaHR0cDovL3d3dy53My5vcmcvMjAwMC9zdmciPjwvc3ZnPg==\" style=\"--smush-placeholder-width: 750px; --smush-placeholder-aspect-ratio: 750\/498;\" \/>\t\t\t\t\t\t\t\t<\/a>\n\t\t\t\t\t\t\t\t\t\t\t\t\t\t\t<\/div>\n\t\t\t\t<\/div>\n\t\t\t\t<div class=\"elementor-element elementor-element-b7da89b elementor-widget elementor-widget-heading\" data-id=\"b7da89b\" data-element_type=\"widget\" data-e-type=\"widget\" data-widget_type=\"heading.default\">\n\t\t\t\t<div class=\"elementor-widget-container\">\n\t\t\t\t\t<h6 class=\"elementor-heading-title elementor-size-default\"><a href=\"https:\/\/www.liceomixto.cl\/losandes\/galeria\/titulacion-de-estudiantes-tp-promocion-2018-2019\/\">La esperada graduaci\u00f3n de la promoci\u00f3n TP 2018-2019<\/a><\/h6>\t\t\t\t<\/div>\n\t\t\t\t<\/div>\n\t\t\t\t\t<\/div>\n\t\t<\/div>\n\t\t\t\t<div class=\"elementor-column elementor-col-25 elementor-inner-column elementor-element elementor-element-d484ef5\" data-id=\"d484ef5\" data-element_type=\"column\" data-e-type=\"column\">\n\t\t\t<div class=\"elementor-widget-wrap elementor-element-populated\">\n\t\t\t\t\t\t<div class=\"elementor-element elementor-element-497e0b6 elementor-widget elementor-widget-image\" data-id=\"497e0b6\" data-element_type=\"widget\" data-e-type=\"widget\" data-widget_type=\"image.default\">\n\t\t\t\t<div class=\"elementor-widget-container\">\n\t\t\t\t\t\t\t\t\t\t\t\t\t\t\t\t<a href=\"https:\/\/www.liceomixto.cl\/losandes\/galeria\/asi-fue-nuestra-fiesta-costumbrista-2022\/\">\n\t\t\t\t\t\t\t<img decoding=\"async\" width=\"750\" height=\"500\" data-src=\"https:\/\/www.liceomixto.cl\/losandes\/wp-content\/uploads\/2022\/09\/IMG_5956-1024x683.jpg\" class=\"attachment-large size-large wp-image-6199 lazyload\" alt=\"\" data-srcset=\"https:\/\/www.liceomixto.cl\/losandes\/wp-content\/uploads\/2022\/09\/IMG_5956-1024x683.jpg 1024w, https:\/\/www.liceomixto.cl\/losandes\/wp-content\/uploads\/2022\/09\/IMG_5956-300x200.jpg 300w, https:\/\/www.liceomixto.cl\/losandes\/wp-content\/uploads\/2022\/09\/IMG_5956-768x512.jpg 768w, https:\/\/www.liceomixto.cl\/losandes\/wp-content\/uploads\/2022\/09\/IMG_5956-1536x1024.jpg 1536w, https:\/\/www.liceomixto.cl\/losandes\/wp-content\/uploads\/2022\/09\/IMG_5956-2048x1365.jpg 2048w, https:\/\/www.liceomixto.cl\/losandes\/wp-content\/uploads\/2022\/09\/IMG_5956-360x240.jpg 360w\" data-sizes=\"(max-width: 750px) 100vw, 750px\" src=\"data:image\/svg+xml;base64,PHN2ZyB3aWR0aD0iMSIgaGVpZ2h0PSIxIiB4bWxucz0iaHR0cDovL3d3dy53My5vcmcvMjAwMC9zdmciPjwvc3ZnPg==\" style=\"--smush-placeholder-width: 750px; --smush-placeholder-aspect-ratio: 750\/500;\" \/>\t\t\t\t\t\t\t\t<\/a>\n\t\t\t\t\t\t\t\t\t\t\t\t\t\t\t<\/div>\n\t\t\t\t<\/div>\n\t\t\t\t<div class=\"elementor-element elementor-element-a7a646b elementor-widget elementor-widget-heading\" data-id=\"a7a646b\" data-element_type=\"widget\" data-e-type=\"widget\" data-widget_type=\"heading.default\">\n\t\t\t\t<div class=\"elementor-widget-container\">\n\t\t\t\t\t<h6 class=\"elementor-heading-title elementor-size-default\"><a href=\"https:\/\/www.liceomixto.cl\/losandes\/galeria\/asi-fue-nuestra-fiesta-costumbrista-2022\/\">As\u00ed fue nuestra Fiesta Costumbrista 2022<\/a><\/h6>\t\t\t\t<\/div>\n\t\t\t\t<\/div>\n\t\t\t\t\t<\/div>\n\t\t<\/div>\n\t\t\t\t<div class=\"elementor-column elementor-col-25 elementor-inner-column elementor-element elementor-element-915ba5c\" data-id=\"915ba5c\" data-element_type=\"column\" data-e-type=\"column\">\n\t\t\t<div class=\"elementor-widget-wrap elementor-element-populated\">\n\t\t\t\t\t\t<div class=\"elementor-element elementor-element-290f290 elementor-widget elementor-widget-image\" data-id=\"290f290\" data-element_type=\"widget\" data-e-type=\"widget\" data-widget_type=\"image.default\">\n\t\t\t\t<div class=\"elementor-widget-container\">\n\t\t\t\t\t\t\t\t\t\t\t\t\t\t\t\t<a href=\"https:\/\/www.liceomixto.cl\/losandes\/galeria\/nuestro-aniversario-numero-38\/\">\n\t\t\t\t\t\t\t<img decoding=\"async\" width=\"676\" height=\"565\" data-src=\"https:\/\/www.liceomixto.cl\/losandes\/wp-content\/uploads\/2022\/06\/unoesauno.png\" class=\"attachment-large size-large wp-image-5796 lazyload\" alt=\"\" data-srcset=\"https:\/\/www.liceomixto.cl\/losandes\/wp-content\/uploads\/2022\/06\/unoesauno.png 676w, https:\/\/www.liceomixto.cl\/losandes\/wp-content\/uploads\/2022\/06\/unoesauno-300x251.png 300w\" data-sizes=\"(max-width: 676px) 100vw, 676px\" src=\"data:image\/svg+xml;base64,PHN2ZyB3aWR0aD0iMSIgaGVpZ2h0PSIxIiB4bWxucz0iaHR0cDovL3d3dy53My5vcmcvMjAwMC9zdmciPjwvc3ZnPg==\" style=\"--smush-placeholder-width: 676px; --smush-placeholder-aspect-ratio: 676\/565;\" \/>\t\t\t\t\t\t\t\t<\/a>\n\t\t\t\t\t\t\t\t\t\t\t\t\t\t\t<\/div>\n\t\t\t\t<\/div>\n\t\t\t\t<div class=\"elementor-element elementor-element-c3bc9b7 elementor-widget elementor-widget-heading\" data-id=\"c3bc9b7\" data-element_type=\"widget\" data-e-type=\"widget\" data-widget_type=\"heading.default\">\n\t\t\t\t<div class=\"elementor-widget-container\">\n\t\t\t\t\t<h6 class=\"elementor-heading-title elementor-size-default\"><a href=\"https:\/\/www.liceomixto.cl\/losandes\/galeria\/nuestro-aniversario-numero-38\/\">Nuestro Aniversario n\u00famero 38<\/a><\/h6>\t\t\t\t<\/div>\n\t\t\t\t<\/div>\n\t\t\t\t\t<\/div>\n\t\t<\/div>\n\t\t\t\t\t<\/div>\n\t\t<\/section>\n\t\t\t\t\t<\/div>\n\t\t<\/div>\n\t\t\t\t\t<\/div>\n\t\t<\/section>\n\t\t\t\t<\/div>\n\t\t","protected":false},"excerpt":{"rendered":"<p>Galer\u00eda Licenciatura Cuartos Medios 2022 La esperada graduaci\u00f3n de la promoci\u00f3n TP 2018-2019 As\u00ed fue nuestra Fiesta Costumbrista 2022 Nuestro Aniversario n\u00famero 38<\/p>\n","protected":false},"author":5,"featured_media":0,"parent":0,"menu_order":0,"comment_status":"closed","ping_status":"closed","template":"elementor_header_footer","meta":{"_acf_changed":false,"_monsterinsights_skip_tracking":false,"_monsterinsights_sitenote_active":false,"_monsterinsights_sitenote_note":"","_monsterinsights_sitenote_category":0,"footnotes":""},"class_list":["post-1897","page","type-page","status-publish","hentry"],"acf":[],"_links":{"self":[{"href":"https:\/\/www.liceomixto.cl\/losandes\/wp-json\/wp\/v2\/pages\/1897","targetHints":{"allow":["GET"]}}],"collection":[{"href":"https:\/\/www.liceomixto.cl\/losandes\/wp-json\/wp\/v2\/pages"}],"about":[{"href":"https:\/\/www.liceomixto.cl\/losandes\/wp-json\/wp\/v2\/types\/page"}],"author":[{"embeddable":true,"href":"https:\/\/www.liceomixto.cl\/losandes\/wp-json\/wp\/v2\/users\/5"}],"replies":[{"embeddable":true,"href":"https:\/\/www.liceomixto.cl\/losandes\/wp-json\/wp\/v2\/comments?post=1897"}],"version-history":[{"count":43,"href":"https:\/\/www.liceomixto.cl\/losandes\/wp-json\/wp\/v2\/pages\/1897\/revisions"}],"predecessor-version":[{"id":6652,"href":"https:\/\/www.liceomixto.cl\/losandes\/wp-json\/wp\/v2\/pages\/1897\/revisions\/6652"}],"wp:attachment":[{"href":"https:\/\/www.liceomixto.cl\/losandes\/wp-json\/wp\/v2\/media?parent=1897"}],"curies":[{"name":"wp","href":"https:\/\/api.w.org\/{rel}","templated":true}]}}