{"id":535,"date":"2020-04-16T19:17:18","date_gmt":"2020-04-16T22:17:18","guid":{"rendered":"http:\/\/www.liceomixto.cl\/losandes\/?page_id=535"},"modified":"2020-08-21T17:31:12","modified_gmt":"2020-08-21T20:31:12","slug":"nosotros","status":"publish","type":"page","link":"https:\/\/www.liceomixto.cl\/losandes\/nosotros\/","title":{"rendered":"Nosotros"},"content":{"rendered":"\t\t<div data-elementor-type=\"wp-page\" data-elementor-id=\"535\" class=\"elementor elementor-535\">\n\t\t\t\t\t\t<section class=\"elementor-section elementor-top-section elementor-element elementor-element-4f1c7897 elementor-section-height-min-height elementor-section-boxed elementor-section-height-default elementor-section-items-middle\" data-id=\"4f1c7897\" data-element_type=\"section\" data-e-type=\"section\" data-settings=\"{&quot;background_background&quot;:&quot;classic&quot;}\">\n\t\t\t\t\t\t\t<div class=\"elementor-background-overlay\"><\/div>\n\t\t\t\t\t\t\t<div class=\"elementor-container elementor-column-gap-default\">\n\t\t\t\t\t<div class=\"elementor-column elementor-col-100 elementor-top-column elementor-element elementor-element-53b985b0\" data-id=\"53b985b0\" data-element_type=\"column\" data-e-type=\"column\">\n\t\t\t<div class=\"elementor-widget-wrap elementor-element-populated\">\n\t\t\t\t\t\t<div class=\"elementor-element elementor-element-2211040d elementor-widget elementor-widget-page-title\" data-id=\"2211040d\" data-element_type=\"widget\" data-e-type=\"widget\" data-settings=\"{&quot;align&quot;:&quot;left&quot;,&quot;align_mobile&quot;:&quot;center&quot;}\" data-widget_type=\"page-title.default\">\n\t\t\t\t<div class=\"elementor-widget-container\">\n\t\t\t\t\t\t\t\n\t\t<div class=\"hfe-page-title hfe-page-title-wrapper elementor-widget-heading\">\n\n\t\t\t\t\t\t\t\t\t\t\t<a href=\"https:\/\/www.liceomixto.cl\/losandes\">\n\t\t\t\t\t\t<h1 class=\"elementor-heading-title elementor-size-default\">\n\t\t\t\t\t\t\t\t\n\t\t\t\tNosotros  \n\t\t\t<\/h1 > \n\t\t\t\t\t\t\t\t\t<\/a>\n\t\t\t\t\t<\/div>\n\t\t\t\t\t\t<\/div>\n\t\t\t\t<\/div>\n\t\t\t\t\t<\/div>\n\t\t<\/div>\n\t\t\t\t\t<\/div>\n\t\t<\/section>\n\t\t\t\t<section class=\"elementor-section elementor-top-section elementor-element elementor-element-1711e706 elementor-section-boxed elementor-section-height-default elementor-section-height-default\" data-id=\"1711e706\" data-element_type=\"section\" data-e-type=\"section\" data-settings=\"{&quot;background_background&quot;:&quot;classic&quot;}\">\n\t\t\t\t\t\t<div class=\"elementor-container elementor-column-gap-default\">\n\t\t\t\t\t<div class=\"elementor-column elementor-col-66 elementor-top-column elementor-element elementor-element-5c186375\" data-id=\"5c186375\" data-element_type=\"column\" data-e-type=\"column\">\n\t\t\t<div class=\"elementor-widget-wrap elementor-element-populated\">\n\t\t\t\t\t\t<div class=\"elementor-element elementor-element-5f6e523 elementor-widget elementor-widget-text-editor\" data-id=\"5f6e523\" data-element_type=\"widget\" data-e-type=\"widget\" data-widget_type=\"text-editor.default\">\n\t\t\t\t<div class=\"elementor-widget-container\">\n\t\t\t\t\t\t\t\t\t<p><span>El Liceo Particular Mixto Los Andes, adscribe\u00a0 la Jornada Escolar Completa (JEC), lo que nos permite disponer de una mayor cantidad de horas para el trabajo acad\u00e9mico y escolar. Dentro de las horas destinadas a la JEC, estamos continuamente dise\u00f1ando nuevos usos para las horas de libre disposici\u00f3n, implementando para ello talleres que apuntan a complementar de forma integral la formaci\u00f3n que el curr\u00edculum nos permite entregarles a los estudiantes, incluy\u00e9ndolos dentro de cuatro n\u00facleos formativos, transversales a la formaci\u00f3n desde primero b\u00e1sico a cuarto medio: Ciencias y Tecnolog\u00eda, Humanidades y Formaci\u00f3n Ciudadana, Artes y Actividad F\u00edsica.\u00a0\u00a0\u00a0\u00a0\u00a0 <\/span><\/p><p><span>El \u00c1rea Cient\u00edfico Humanista comprende programas electivos que tienen por finalidad orientar en los intereses y satisfacer las necesidades vocacionales y profesionales de los alumnos y alumnas,\u00a0 tambi\u00e9n, cuenta con el Proyecto Pit\u00e1goras,el que est\u00e1 orientado a estudiantes que demuestren tener un potencial acad\u00e9mico y un inter\u00e9s por el conocimiento y el desarrollo intelectual. Es un proyecto de excelencia acad\u00e9mica y formaci\u00f3n integral, que busca desarrollar competencias generales y habilidades superiores con un ambiente intelectualmente desafiante, en donde se promueve altos niveles de exigencia y profesores altamente competentes.<\/span><\/p><p><span>El \u00c1rea T\u00e9cnico Profesional cuenta con las siguientes carreras:<\/span><\/p>\t\t\t\t\t\t\t\t<\/div>\n\t\t\t\t<\/div>\n\t\t\t\t<div class=\"elementor-element elementor-element-2e6b82d elementor-icon-list--layout-traditional elementor-list-item-link-full_width elementor-widget elementor-widget-icon-list\" data-id=\"2e6b82d\" data-element_type=\"widget\" data-e-type=\"widget\" data-widget_type=\"icon-list.default\">\n\t\t\t\t<div class=\"elementor-widget-container\">\n\t\t\t\t\t\t\t<ul class=\"elementor-icon-list-items\">\n\t\t\t\t\t\t\t<li class=\"elementor-icon-list-item\">\n\t\t\t\t\t\t\t\t\t\t\t<span class=\"elementor-icon-list-icon\">\n\t\t\t\t\t\t\t<i aria-hidden=\"true\" class=\"fas fa-dot-circle\"><\/i>\t\t\t\t\t\t<\/span>\n\t\t\t\t\t\t\t\t\t\t<span class=\"elementor-icon-list-text\">Mec\u00e1nica Automotriz<\/span>\n\t\t\t\t\t\t\t\t\t<\/li>\n\t\t\t\t\t\t\t\t<li class=\"elementor-icon-list-item\">\n\t\t\t\t\t\t\t\t\t\t\t<span class=\"elementor-icon-list-icon\">\n\t\t\t\t\t\t\t<i aria-hidden=\"true\" class=\"fas fa-dot-circle\"><\/i>\t\t\t\t\t\t<\/span>\n\t\t\t\t\t\t\t\t\t\t<span class=\"elementor-icon-list-text\">Telecomunicaciones.<\/span>\n\t\t\t\t\t\t\t\t\t<\/li>\n\t\t\t\t\t\t\t\t<li class=\"elementor-icon-list-item\">\n\t\t\t\t\t\t\t\t\t\t\t<span class=\"elementor-icon-list-icon\">\n\t\t\t\t\t\t\t<i aria-hidden=\"true\" class=\"fas fa-dot-circle\"><\/i>\t\t\t\t\t\t<\/span>\n\t\t\t\t\t\t\t\t\t\t<span class=\"elementor-icon-list-text\">Laboratorio qu\u00edmico<\/span>\n\t\t\t\t\t\t\t\t\t<\/li>\n\t\t\t\t\t\t\t\t<li class=\"elementor-icon-list-item\">\n\t\t\t\t\t\t\t\t\t\t\t<span class=\"elementor-icon-list-icon\">\n\t\t\t\t\t\t\t<i aria-hidden=\"true\" class=\"fas fa-dot-circle\"><\/i>\t\t\t\t\t\t<\/span>\n\t\t\t\t\t\t\t\t\t\t<span class=\"elementor-icon-list-text\">Explotaci\u00f3n Minera<\/span>\n\t\t\t\t\t\t\t\t\t<\/li>\n\t\t\t\t\t\t\t\t<li class=\"elementor-icon-list-item\">\n\t\t\t\t\t\t\t\t\t\t\t<span class=\"elementor-icon-list-icon\">\n\t\t\t\t\t\t\t<i aria-hidden=\"true\" class=\"fas fa-dot-circle\"><\/i>\t\t\t\t\t\t<\/span>\n\t\t\t\t\t\t\t\t\t\t<span class=\"elementor-icon-list-text\">Metalurgia extractiva <\/span>\n\t\t\t\t\t\t\t\t\t<\/li>\n\t\t\t\t\t\t\t\t<li class=\"elementor-icon-list-item\">\n\t\t\t\t\t\t\t\t\t\t\t<span class=\"elementor-icon-list-icon\">\n\t\t\t\t\t\t\t<i aria-hidden=\"true\" class=\"fas fa-dot-circle\"><\/i>\t\t\t\t\t\t<\/span>\n\t\t\t\t\t\t\t\t\t\t<span class=\"elementor-icon-list-text\">Refrigeraci\u00f3n y Climatizaci\u00f3n<\/span>\n\t\t\t\t\t\t\t\t\t<\/li>\n\t\t\t\t\t\t\t\t<li class=\"elementor-icon-list-item\">\n\t\t\t\t\t\t\t\t\t\t\t<span class=\"elementor-icon-list-icon\">\n\t\t\t\t\t\t\t<i aria-hidden=\"true\" class=\"fas fa-dot-circle\"><\/i>\t\t\t\t\t\t<\/span>\n\t\t\t\t\t\t\t\t\t\t<span class=\"elementor-icon-list-text\">Administraci\u00f3n <\/span>\n\t\t\t\t\t\t\t\t\t<\/li>\n\t\t\t\t\t\t<\/ul>\n\t\t\t\t\t\t<\/div>\n\t\t\t\t<\/div>\n\t\t\t\t<div class=\"elementor-element elementor-element-27a3d0a elementor-widget elementor-widget-heading\" data-id=\"27a3d0a\" data-element_type=\"widget\" data-e-type=\"widget\" data-widget_type=\"heading.default\">\n\t\t\t\t<div class=\"elementor-widget-container\">\n\t\t\t\t\t<h5 class=\"elementor-heading-title elementor-size-default\">Misi\u00f3n:<\/h5>\t\t\t\t<\/div>\n\t\t\t\t<\/div>\n\t\t\t\t<div class=\"elementor-element elementor-element-578a645 elementor-widget elementor-widget-text-editor\" data-id=\"578a645\" data-element_type=\"widget\" data-e-type=\"widget\" data-widget_type=\"text-editor.default\">\n\t\t\t\t<div class=\"elementor-widget-container\">\n\t\t\t\t\t\t\t\t\t<p><span>Educar ni\u00f1os y j\u00f3venes en todas sus etapas de desarrollo acad\u00e9mico y personal, respetando la diversidad y promoviendo la inclusi\u00f3n; acompa\u00f1ando a ellos y sus familias en el proceso de generaci\u00f3n de competencias en las \u00e1reas: acad\u00e9mica, social, cultural, deportiva y laboral. Para ello nos comprometemos con un proceso de mejora continua; de b\u00fasqueda permanente de la excelencia, generando un esp\u00edritu de cambio que fortalezca cada uno de nuestros principios y sellos como entidad educativa.<\/span><\/p>\t\t\t\t\t\t\t\t<\/div>\n\t\t\t\t<\/div>\n\t\t\t\t<div class=\"elementor-element elementor-element-7212503 elementor-widget elementor-widget-text-editor\" data-id=\"7212503\" data-element_type=\"widget\" data-e-type=\"widget\" data-widget_type=\"text-editor.default\">\n\t\t\t\t<div class=\"elementor-widget-container\">\n\t\t\t\t\t\t\t\t\t<p><span>Lo que nos hace diferentes al resto de los establecimientos educacionales parte por nuestros Sellos Educativos:<\/span><\/p><ol><li><span> FAMILIA: el aprender requiere de la orientaci\u00f3n y apoyo del colegio, de los docentes y tambi\u00e9n es fundamental contar con un ambiente o clima adecuado de convivencia. Sin embargo, la familia del ni\u00f1o(a) es el pilar fundamental para lograr el aprendizaje de las dimensiones del ser, saber, saber hacer, aprender a vivir juntos, aprender a vivir con los dem\u00e1s. <br \/><br \/><\/span><\/li><li><span> DISCIPLINA: actitud que contribuye a la formaci\u00f3n integral del ser siendo capaz de formar parte de la sociedad. <br \/><br \/><\/span><\/li><li><span> ESTUDIO: desarrollo de habilidades cognitivas, procedimentales, actitudinales y competencias, para enfrentar el cambio social constante y la evoluci\u00f3n de la informaci\u00f3n. <br \/><br \/><\/span><\/li><li><span> DEPORTE: generar actividades vinculantes al desarrollo y fomento de la actividad f\u00edsica, vida saludable, formaci\u00f3n integral de la persona a trav\u00e9s de la pr\u00e1ctica deportiva-recreativa.<\/span><\/li><\/ol>\t\t\t\t\t\t\t\t<\/div>\n\t\t\t\t<\/div>\n\t\t\t\t<div class=\"elementor-element elementor-element-837b2f8 elementor-widget elementor-widget-heading\" data-id=\"837b2f8\" data-element_type=\"widget\" data-e-type=\"widget\" data-widget_type=\"heading.default\">\n\t\t\t\t<div class=\"elementor-widget-container\">\n\t\t\t\t\t<h5 class=\"elementor-heading-title elementor-size-default\">Propuesta Pedag\u00f3gica<\/h5>\t\t\t\t<\/div>\n\t\t\t\t<\/div>\n\t\t\t\t<div class=\"elementor-element elementor-element-a6c97f8 elementor-widget elementor-widget-text-editor\" data-id=\"a6c97f8\" data-element_type=\"widget\" data-e-type=\"widget\" data-widget_type=\"text-editor.default\">\n\t\t\t\t<div class=\"elementor-widget-container\">\n\t\t\t\t\t\t\t\t\t<p><span>Nuestra\u00a0 instituci\u00f3n adscribe a\u00a0 la propuesta curricular del MINEDUC,\u00a0 aproxim\u00e1ndose a \u00e9ste en funci\u00f3n de los valores y sellos institucionales. Toda actividad realizada en nuestro establecimiento tiene como objetivo \u00faltimo el aprendizaje y el desarrollo integral de las potencialidades de nuestros estudiantes. <\/span><\/p><p><span>Nuestra instituci\u00f3n funciona en torno a cuatro niveles, llamados ciclos para la ense\u00f1anza b\u00e1sica y niveles para la ense\u00f1anza media. Hay que entender la existencia de cada uno de ellos como un piso para el nivel posterior, pero tambi\u00e9n como una unidad en s\u00ed mismo: <\/span><\/p>\t\t\t\t\t\t\t\t<\/div>\n\t\t\t\t<\/div>\n\t\t\t\t<div class=\"elementor-element elementor-element-b5ebc14 elementor-widget elementor-widget-text-editor\" data-id=\"b5ebc14\" data-element_type=\"widget\" data-e-type=\"widget\" data-widget_type=\"text-editor.default\">\n\t\t\t\t<div class=\"elementor-widget-container\">\n\t\t\t\t\t\t\t\t\t<ol>\n<li><span> CICLO INICIAL: corresponde a los niveles de pre kinder a segundo b\u00e1sico. En este nivel los estudiantes adquieren las competencias, habilidades, conocimientos y actitudes, tanto acad\u00e9micas y sociales, que se consideran base para su posterior desarrollo en el ciclo b\u00e1sico. <br><br><\/span><\/li>\n<li><span> CICLO B\u00c1SICO: cubre los niveles de tercero a octavo b\u00e1sico. es en esta etapa en que los estudiantes deben desarrollar la mayor parte de las habilidades acad\u00e9micas avanzadas, pensando en que durante la ense\u00f1anza media estas habilidades deben aplicarse de forma profunda a conocimientos m\u00e1s bien espec\u00edficos. Tambi\u00e9n es el momento en que los estudiantes se definen a s\u00ed mismos como personas, por lo que en este nivel se deben desarrollar las competencias ciudadanas, sociales y emocionales necesarias para insertarse con \u00e9xito en el contexto social y en el nivel siguiente. <br><br><\/span><\/li>\n<li><span> NIVEL MEDIO: compuesto por los primeros y segundos medios, corresponde a un momento clave en la formaci\u00f3n de los estudiantes, ya que es aqu\u00ed donde adem\u00e1s de adquirir las competencias, habilidades y conocimientos propios de su nivel, los estudiantes deben perfilar su futuro en la instituci\u00f3n, ya sea en la formaci\u00f3n para la ense\u00f1anza superior o para el mundo del trabajo, considerando para ello todo el historial en la instituci\u00f3n, adem\u00e1s del aporte familiar. <br><br><\/span><\/li>\n<li><span> NIVEL MEDIO-SUPERIOR: se compone de los terceros y cuartos medios del \u00e1rea humanista-cient\u00edfica y del \u00e1rea t\u00e9cnico-profesional; integradas por las especialidades de: Explotaci\u00f3n Minera, Metalurgia Extractiva, Laboratorio Qu\u00edmico, Administraci\u00f3n , Telecomunicaciones, Mec\u00e1nica Automotriz y Refrigeraci\u00f3n y Climatizaci\u00f3n. En este espacio final de su formaci\u00f3n secundaria, los estudiantes profundizan en las habilidades que determinen m\u00e1s cr\u00edticas para ellos, ya sea como una etapa m\u00e1s antes del ingreso a la educaci\u00f3n superior o como un espacio de adquisici\u00f3n de las herramientas necesarias para el mundo laboral.<\/span><\/li>\n<\/ol>\t\t\t\t\t\t\t\t<\/div>\n\t\t\t\t<\/div>\n\t\t\t\t<div class=\"elementor-element elementor-element-f07e51d elementor-widget elementor-widget-spacer\" data-id=\"f07e51d\" data-element_type=\"widget\" data-e-type=\"widget\" data-widget_type=\"spacer.default\">\n\t\t\t\t<div class=\"elementor-widget-container\">\n\t\t\t\t\t\t\t<div class=\"elementor-spacer\">\n\t\t\t<div class=\"elementor-spacer-inner\"><\/div>\n\t\t<\/div>\n\t\t\t\t\t\t<\/div>\n\t\t\t\t<\/div>\n\t\t\t\t\t<\/div>\n\t\t<\/div>\n\t\t\t\t<div class=\"elementor-column elementor-col-33 elementor-top-column elementor-element elementor-element-9c5253\" data-id=\"9c5253\" data-element_type=\"column\" data-e-type=\"column\">\n\t\t\t<div class=\"elementor-widget-wrap elementor-element-populated\">\n\t\t\t\t\t\t\t<\/div>\n\t\t<\/div>\n\t\t\t\t\t<\/div>\n\t\t<\/section>\n\t\t\t\t<\/div>\n\t\t","protected":false},"excerpt":{"rendered":"<p>Nosotros El Liceo Particular Mixto Los Andes, adscribe\u00a0 la Jornada Escolar Completa (JEC), lo que nos permite disponer de una mayor cantidad de horas para el trabajo acad\u00e9mico y escolar. Dentro de las horas destinadas a la JEC, estamos continuamente dise\u00f1ando nuevos usos para las horas de libre disposici\u00f3n, implementando [&hellip;]<\/p>\n","protected":false},"author":5,"featured_media":175,"parent":0,"menu_order":0,"comment_status":"closed","ping_status":"closed","template":"elementor_header_footer","meta":{"_acf_changed":false,"_monsterinsights_skip_tracking":false,"_monsterinsights_sitenote_active":false,"_monsterinsights_sitenote_note":"","_monsterinsights_sitenote_category":0,"footnotes":""},"class_list":["post-535","page","type-page","status-publish","has-post-thumbnail","hentry"],"acf":[],"_links":{"self":[{"href":"https:\/\/www.liceomixto.cl\/losandes\/wp-json\/wp\/v2\/pages\/535","targetHints":{"allow":["GET"]}}],"collection":[{"href":"https:\/\/www.liceomixto.cl\/losandes\/wp-json\/wp\/v2\/pages"}],"about":[{"href":"https:\/\/www.liceomixto.cl\/losandes\/wp-json\/wp\/v2\/types\/page"}],"author":[{"embeddable":true,"href":"https:\/\/www.liceomixto.cl\/losandes\/wp-json\/wp\/v2\/users\/5"}],"replies":[{"embeddable":true,"href":"https:\/\/www.liceomixto.cl\/losandes\/wp-json\/wp\/v2\/comments?post=535"}],"version-history":[{"count":30,"href":"https:\/\/www.liceomixto.cl\/losandes\/wp-json\/wp\/v2\/pages\/535\/revisions"}],"predecessor-version":[{"id":3171,"href":"https:\/\/www.liceomixto.cl\/losandes\/wp-json\/wp\/v2\/pages\/535\/revisions\/3171"}],"wp:featuredmedia":[{"embeddable":true,"href":"https:\/\/www.liceomixto.cl\/losandes\/wp-json\/wp\/v2\/media\/175"}],"wp:attachment":[{"href":"https:\/\/www.liceomixto.cl\/losandes\/wp-json\/wp\/v2\/media?parent=535"}],"curies":[{"name":"wp","href":"https:\/\/api.w.org\/{rel}","templated":true}]}}