{"id":965,"date":"2020-04-21T22:39:01","date_gmt":"2020-04-22T01:39:01","guid":{"rendered":"http:\/\/www.liceomixto.cl\/losandes\/?page_id=965"},"modified":"2020-08-20T10:59:24","modified_gmt":"2020-08-20T13:59:24","slug":"media","status":"publish","type":"page","link":"https:\/\/www.liceomixto.cl\/losandes\/media\/","title":{"rendered":"Media"},"content":{"rendered":"\t\t<div data-elementor-type=\"wp-page\" data-elementor-id=\"965\" class=\"elementor elementor-965\">\n\t\t\t\t\t\t<section class=\"elementor-section elementor-top-section elementor-element elementor-element-46c74204 elementor-section-height-min-height elementor-section-boxed elementor-section-height-default elementor-section-items-middle\" data-id=\"46c74204\" data-element_type=\"section\" data-e-type=\"section\" data-settings=\"{&quot;background_background&quot;:&quot;classic&quot;}\">\n\t\t\t\t\t\t\t<div class=\"elementor-background-overlay\"><\/div>\n\t\t\t\t\t\t\t<div class=\"elementor-container elementor-column-gap-default\">\n\t\t\t\t\t<div class=\"elementor-column elementor-col-100 elementor-top-column elementor-element elementor-element-26c3fc69\" data-id=\"26c3fc69\" data-element_type=\"column\" data-e-type=\"column\">\n\t\t\t<div class=\"elementor-widget-wrap elementor-element-populated\">\n\t\t\t\t\t\t<div class=\"elementor-element elementor-element-5bdc087f elementor-widget elementor-widget-page-title\" data-id=\"5bdc087f\" data-element_type=\"widget\" data-e-type=\"widget\" data-settings=\"{&quot;align&quot;:&quot;left&quot;,&quot;align_mobile&quot;:&quot;center&quot;}\" data-widget_type=\"page-title.default\">\n\t\t\t\t<div class=\"elementor-widget-container\">\n\t\t\t\t\t\t\t\n\t\t<div class=\"hfe-page-title hfe-page-title-wrapper elementor-widget-heading\">\n\n\t\t\t\t\t\t\t\t\t\t\t<a href=\"https:\/\/www.liceomixto.cl\/losandes\">\n\t\t\t\t\t\t<h1 class=\"elementor-heading-title elementor-size-default\">\n\t\t\t\t\t\t\t\t\n\t\t\t\tMedia  \n\t\t\t<\/h1 > \n\t\t\t\t\t\t\t\t\t<\/a>\n\t\t\t\t\t<\/div>\n\t\t\t\t\t\t<\/div>\n\t\t\t\t<\/div>\n\t\t\t\t\t<\/div>\n\t\t<\/div>\n\t\t\t\t\t<\/div>\n\t\t<\/section>\n\t\t\t\t<section class=\"elementor-section elementor-top-section elementor-element elementor-element-24bee0c elementor-section-boxed elementor-section-height-default elementor-section-height-default\" data-id=\"24bee0c\" data-element_type=\"section\" data-e-type=\"section\" data-settings=\"{&quot;background_background&quot;:&quot;classic&quot;}\">\n\t\t\t\t\t\t<div class=\"elementor-container elementor-column-gap-default\">\n\t\t\t\t\t<div class=\"elementor-column elementor-col-100 elementor-top-column elementor-element elementor-element-5c5bf3e\" data-id=\"5c5bf3e\" data-element_type=\"column\" data-e-type=\"column\">\n\t\t\t<div class=\"elementor-widget-wrap elementor-element-populated\">\n\t\t\t\t\t\t<div class=\"elementor-element elementor-element-81649d5 elementor-widget elementor-widget-heading\" data-id=\"81649d5\" data-element_type=\"widget\" data-e-type=\"widget\" data-widget_type=\"heading.default\">\n\t\t\t\t<div class=\"elementor-widget-container\">\n\t\t\t\t\t<h5 class=\"elementor-heading-title elementor-size-default\">Primero y Segundo Medio\n<\/h5>\t\t\t\t<\/div>\n\t\t\t\t<\/div>\n\t\t\t\t<div class=\"elementor-element elementor-element-8b0dd1f elementor-widget elementor-widget-text-editor\" data-id=\"8b0dd1f\" data-element_type=\"widget\" data-e-type=\"widget\" data-widget_type=\"text-editor.default\">\n\t\t\t\t<div class=\"elementor-widget-container\">\n\t\t\t\t\t\t\t\t\t<p>Este ciclo corresponde a un momento clave en la formaci\u00f3n de los estudiantes, ya que es aqu\u00ed donde adem\u00e1s de adquirir las competencias, habilidades y conocimientos propios de su nivel, los estudiantes deben perfilar su futuro en la instituci\u00f3n por las distintas alternativas que tienen disponible para su futuro, ya sea en la formaci\u00f3n para la ense\u00f1anza superior o para el mundo del trabajo, considerando para ello todo el historial en la instituci\u00f3n, adem\u00e1s del aporte familiar.<\/p>\t\t\t\t\t\t\t\t<\/div>\n\t\t\t\t<\/div>\n\t\t\t\t<div class=\"elementor-element elementor-element-d4f7fb9 elementor-widget elementor-widget-heading\" data-id=\"d4f7fb9\" data-element_type=\"widget\" data-e-type=\"widget\" data-widget_type=\"heading.default\">\n\t\t\t\t<div class=\"elementor-widget-container\">\n\t\t\t\t\t<h5 class=\"elementor-heading-title elementor-size-default\">Tercero y Cuarto Medio \n<\/h5>\t\t\t\t<\/div>\n\t\t\t\t<\/div>\n\t\t\t\t<div class=\"elementor-element elementor-element-e8d898e elementor-widget elementor-widget-text-editor\" data-id=\"e8d898e\" data-element_type=\"widget\" data-e-type=\"widget\" data-widget_type=\"text-editor.default\">\n\t\t\t\t<div class=\"elementor-widget-container\">\n\t\t\t\t\t\t\t\t\t<p>Se compone de los terceros y cuartos medios del \u00e1rea humanista-cient\u00edfica y del \u00e1rea t\u00e9cnico-profesional. <br \/>La primera se enfoca en preparar a los estudiantes para la educaci\u00f3n superior y para rendir una buena PSU, potenciando sus talentos con programas como Pit\u00e1goras y reforzando sus habilidades en donde existan espacios para la mejora con clases de libre elecci\u00f3n. <br \/>En este contexto, nuestros resultados PSU han sido destacados por los medios de comunicaci\u00f3n como dentro de los mejores de la regi\u00f3n. <\/p>\t\t\t\t\t\t\t\t<\/div>\n\t\t\t\t<\/div>\n\t\t\t\t<div class=\"elementor-element elementor-element-2bf6052 elementor-widget elementor-widget-image\" data-id=\"2bf6052\" data-element_type=\"widget\" data-e-type=\"widget\" data-widget_type=\"image.default\">\n\t\t\t\t<div class=\"elementor-widget-container\">\n\t\t\t\t\t\t\t\t\t\t\t\t\t\t\t<img fetchpriority=\"high\" decoding=\"async\" width=\"2293\" height=\"1636\" src=\"https:\/\/www.liceomixto.cl\/losandes\/wp-content\/uploads\/2020\/08\/infografia-media-01.png\" class=\"attachment-full size-full wp-image-3002\" alt=\"\" srcset=\"https:\/\/www.liceomixto.cl\/losandes\/wp-content\/uploads\/2020\/08\/infografia-media-01.png 2293w, https:\/\/www.liceomixto.cl\/losandes\/wp-content\/uploads\/2020\/08\/infografia-media-01-300x214.png 300w, https:\/\/www.liceomixto.cl\/losandes\/wp-content\/uploads\/2020\/08\/infografia-media-01-1024x731.png 1024w, https:\/\/www.liceomixto.cl\/losandes\/wp-content\/uploads\/2020\/08\/infografia-media-01-768x548.png 768w, https:\/\/www.liceomixto.cl\/losandes\/wp-content\/uploads\/2020\/08\/infografia-media-01-1536x1096.png 1536w, https:\/\/www.liceomixto.cl\/losandes\/wp-content\/uploads\/2020\/08\/infografia-media-01-2048x1461.png 2048w\" sizes=\"(max-width: 2293px) 100vw, 2293px\" \/>\t\t\t\t\t\t\t\t\t\t\t\t\t\t\t<\/div>\n\t\t\t\t<\/div>\n\t\t\t\t<div class=\"elementor-element elementor-element-7029cd5 elementor-widget elementor-widget-heading\" data-id=\"7029cd5\" data-element_type=\"widget\" data-e-type=\"widget\" data-widget_type=\"heading.default\">\n\t\t\t\t<div class=\"elementor-widget-container\">\n\t\t\t\t\t<h5 class=\"elementor-heading-title elementor-size-default\">Las principales caracter\u00edsticas son:<\/h5>\t\t\t\t<\/div>\n\t\t\t\t<\/div>\n\t\t\t\t<div class=\"elementor-element elementor-element-20070d1 elementor-icon-list--layout-traditional elementor-list-item-link-full_width elementor-widget elementor-widget-icon-list\" data-id=\"20070d1\" data-element_type=\"widget\" data-e-type=\"widget\" data-widget_type=\"icon-list.default\">\n\t\t\t\t<div class=\"elementor-widget-container\">\n\t\t\t\t\t\t\t<ul class=\"elementor-icon-list-items\">\n\t\t\t\t\t\t\t<li class=\"elementor-icon-list-item\">\n\t\t\t\t\t\t\t\t\t\t\t<span class=\"elementor-icon-list-icon\">\n\t\t\t\t\t\t\t<i aria-hidden=\"true\" class=\"fas fa-dot-circle\"><\/i>\t\t\t\t\t\t<\/span>\n\t\t\t\t\t\t\t\t\t\t<span class=\"elementor-icon-list-text\">La relaci\u00f3n que se genera entre la comunidad educativa y su entorno, se orienta al desarrollo de habilidades personales y sociales como la pr\u00e1ctica de conductas inclusivas, pensamiento cr\u00edtico y reflexivo a partir de los fen\u00f3menos contextualizados del contexto cercano, comunal, regional y nacional.<\/span>\n\t\t\t\t\t\t\t\t\t<\/li>\n\t\t\t\t\t\t\t\t<li class=\"elementor-icon-list-item\">\n\t\t\t\t\t\t\t\t\t\t\t<span class=\"elementor-icon-list-icon\">\n\t\t\t\t\t\t\t<i aria-hidden=\"true\" class=\"fas fa-dot-circle\"><\/i>\t\t\t\t\t\t<\/span>\n\t\t\t\t\t\t\t\t\t\t<span class=\"elementor-icon-list-text\">Fortalecer los procesos de comunicaci\u00f3n centrados en el intercambio de informaci\u00f3n, adem\u00e1s de potenciar la comprensi\u00f3n lectora, mejorando los resultados de aprendizaje en los indicadores PME.<\/span>\n\t\t\t\t\t\t\t\t\t<\/li>\n\t\t\t\t\t\t\t\t<li class=\"elementor-icon-list-item\">\n\t\t\t\t\t\t\t\t\t\t\t<span class=\"elementor-icon-list-icon\">\n\t\t\t\t\t\t\t<i aria-hidden=\"true\" class=\"fas fa-dot-circle\"><\/i>\t\t\t\t\t\t<\/span>\n\t\t\t\t\t\t\t\t\t\t<span class=\"elementor-icon-list-text\">Potenciar el desarrollo del pensamiento l\u00f3gico, an\u00e1lisis, deducci\u00f3n y capacidad de resolver problemas a partir de situaciones reales, mejorando los resultados de aprendizaje en los indicadores PME.<\/span>\n\t\t\t\t\t\t\t\t\t<\/li>\n\t\t\t\t\t\t\t\t<li class=\"elementor-icon-list-item\">\n\t\t\t\t\t\t\t\t\t\t\t<span class=\"elementor-icon-list-icon\">\n\t\t\t\t\t\t\t<i aria-hidden=\"true\" class=\"fas fa-dot-circle\"><\/i>\t\t\t\t\t\t<\/span>\n\t\t\t\t\t\t\t\t\t\t<span class=\"elementor-icon-list-text\">Potenciar competencias y valores, tolerancia, integridad y responsabilidad trabajando a diario el logro de dominios val\u00f3ricos: autonom\u00eda, respeto y liderazgo, con la ejecuci\u00f3n, seguimiento y monitoreo de las acciones PME.<\/span>\n\t\t\t\t\t\t\t\t\t<\/li>\n\t\t\t\t\t\t<\/ul>\n\t\t\t\t\t\t<\/div>\n\t\t\t\t<\/div>\n\t\t\t\t<div class=\"elementor-element elementor-element-ff05b04 elementor-widget elementor-widget-text-editor\" data-id=\"ff05b04\" data-element_type=\"widget\" data-e-type=\"widget\" data-widget_type=\"text-editor.default\">\n\t\t\t\t<div class=\"elementor-widget-container\">\n\t\t\t\t\t\t\t\t\t<p>Hoy en d\u00eda somos un establecimiento de Excelencia Bicentenario, por dar cumplimiento a los pilares y metas que s\u00f3lo este tipo de establecimiento poseen a nivel de la red nacional.<\/p>\t\t\t\t\t\t\t\t<\/div>\n\t\t\t\t<\/div>\n\t\t\t\t<div class=\"elementor-element elementor-element-be04bdf elementor-widget elementor-widget-text-editor\" data-id=\"be04bdf\" data-element_type=\"widget\" data-e-type=\"widget\" data-widget_type=\"text-editor.default\">\n\t\t\t\t<div class=\"elementor-widget-container\">\n\t\t\t\t\t\t\t\t\t<p>Por otra parte, el \u00e1rea T\u00e9cnico Profesional cuenta con las especialidades de: Explotaci\u00f3n Minera, Metalurgia Extractiva, Qu\u00edmica Industrial menci\u00f3n Laboratorio Qu\u00edmico, Telecomunicaciones, Mec\u00e1nica Automotriz, Administraci\u00f3n y Electr\u00f3nica. En esta \u00faltima etapa de su formaci\u00f3n secundaria, los estudiantes profundizan en las habilidades que consideran m\u00e1s cr\u00edticas para ellos, ya sea como una fase m\u00e1s antes del ingreso a la educaci\u00f3n superior o como un espacio de adquisici\u00f3n de las herramientas necesarias para el mundo laboral<\/p>\t\t\t\t\t\t\t\t<\/div>\n\t\t\t\t<\/div>\n\t\t\t\t<div class=\"elementor-element elementor-element-ae8fc5b elementor-widget elementor-widget-text-editor\" data-id=\"ae8fc5b\" data-element_type=\"widget\" data-e-type=\"widget\" data-widget_type=\"text-editor.default\">\n\t\t\t\t<div class=\"elementor-widget-container\">\n\t\t\t\t\t\t\t\t\t<p>Adem\u00e1s, hemos incorporado una modalidad complementaria a las opciones acad\u00e9micas en tercero medio: Premilitar con el fin de fortalecer a los estudiantes en la Formaci\u00f3n en disciplina, preparaci\u00f3n f\u00edsica y psicol\u00f3gica para aumentar sus posibilidades de ingreso a las Escuelas Matrices.<\/p>\t\t\t\t\t\t\t\t<\/div>\n\t\t\t\t<\/div>\n\t\t\t\t<div class=\"elementor-element elementor-element-9747d1b elementor-widget elementor-widget-text-editor\" data-id=\"9747d1b\" data-element_type=\"widget\" data-e-type=\"widget\" data-widget_type=\"text-editor.default\">\n\t\t\t\t<div class=\"elementor-widget-container\">\n\t\t\t\t\t\t\t\t\t<p>Convenio con el Club Deportivo Uni\u00f3n San Felipe para estudiantes seleccionados deportivos donde reciben apoyo pedag\u00f3gico, plan de estudios diferenciados para facilitar y promover la formaci\u00f3n de los alumnos cadetes matriculados en la Corporaci\u00f3n.<\/p>\t\t\t\t\t\t\t\t<\/div>\n\t\t\t\t<\/div>\n\t\t\t\t\t<\/div>\n\t\t<\/div>\n\t\t\t\t\t<\/div>\n\t\t<\/section>\n\t\t\t\t<\/div>\n\t\t","protected":false},"excerpt":{"rendered":"<p>Media Primero y Segundo Medio Este ciclo corresponde a un momento clave en la formaci\u00f3n de los estudiantes, ya que es aqu\u00ed donde adem\u00e1s de adquirir las competencias, habilidades y conocimientos propios de su nivel, los estudiantes deben perfilar su futuro en la instituci\u00f3n por las distintas alternativas que tienen [&hellip;]<\/p>\n","protected":false},"author":5,"featured_media":0,"parent":0,"menu_order":0,"comment_status":"closed","ping_status":"closed","template":"elementor_header_footer","meta":{"_acf_changed":false,"_monsterinsights_skip_tracking":false,"_monsterinsights_sitenote_active":false,"_monsterinsights_sitenote_note":"","_monsterinsights_sitenote_category":0,"footnotes":""},"class_list":["post-965","page","type-page","status-publish","hentry"],"acf":[],"_links":{"self":[{"href":"https:\/\/www.liceomixto.cl\/losandes\/wp-json\/wp\/v2\/pages\/965","targetHints":{"allow":["GET"]}}],"collection":[{"href":"https:\/\/www.liceomixto.cl\/losandes\/wp-json\/wp\/v2\/pages"}],"about":[{"href":"https:\/\/www.liceomixto.cl\/losandes\/wp-json\/wp\/v2\/types\/page"}],"author":[{"embeddable":true,"href":"https:\/\/www.liceomixto.cl\/losandes\/wp-json\/wp\/v2\/users\/5"}],"replies":[{"embeddable":true,"href":"https:\/\/www.liceomixto.cl\/losandes\/wp-json\/wp\/v2\/comments?post=965"}],"version-history":[{"count":12,"href":"https:\/\/www.liceomixto.cl\/losandes\/wp-json\/wp\/v2\/pages\/965\/revisions"}],"predecessor-version":[{"id":3006,"href":"https:\/\/www.liceomixto.cl\/losandes\/wp-json\/wp\/v2\/pages\/965\/revisions\/3006"}],"wp:attachment":[{"href":"https:\/\/www.liceomixto.cl\/losandes\/wp-json\/wp\/v2\/media?parent=965"}],"curies":[{"name":"wp","href":"https:\/\/api.w.org\/{rel}","templated":true}]}}