{"id":765,"date":"2020-04-21T11:55:06","date_gmt":"2020-04-21T14:55:06","guid":{"rendered":"http:\/\/www.liceomixto.cl\/sanfelipe\/?page_id=765"},"modified":"2020-12-24T11:17:04","modified_gmt":"2020-12-24T14:17:04","slug":"utiles-escolares-2021","status":"publish","type":"page","link":"https:\/\/www.liceomixto.cl\/sanfelipe\/utiles-escolares-2021\/","title":{"rendered":"\u00datiles Escolares 2020"},"content":{"rendered":"\t\t<div data-elementor-type=\"wp-page\" data-elementor-id=\"765\" class=\"elementor elementor-765\">\n\t\t\t\t\t\t<section class=\"elementor-section elementor-top-section elementor-element elementor-element-65d60b1b elementor-section-height-min-height elementor-section-boxed elementor-section-height-default elementor-section-items-middle\" data-id=\"65d60b1b\" data-element_type=\"section\" data-settings=\"{&quot;background_background&quot;:&quot;classic&quot;}\">\n\t\t\t\t\t\t\t<div class=\"elementor-background-overlay\"><\/div>\n\t\t\t\t\t\t\t<div class=\"elementor-container elementor-column-gap-default\">\n\t\t\t\t\t<div class=\"elementor-column elementor-col-100 elementor-top-column elementor-element elementor-element-7c772534\" data-id=\"7c772534\" data-element_type=\"column\">\n\t\t\t<div class=\"elementor-widget-wrap elementor-element-populated\">\n\t\t\t\t\t\t<div class=\"elementor-element elementor-element-70e696e1 elementor-widget elementor-widget-page-title\" data-id=\"70e696e1\" data-element_type=\"widget\" data-settings=\"{&quot;align&quot;:&quot;left&quot;,&quot;align_mobile&quot;:&quot;center&quot;}\" data-widget_type=\"page-title.default\">\n\t\t\t\t<div class=\"elementor-widget-container\">\n\t\t\t\t\t\t\t\n\t\t<div class=\"hfe-page-title hfe-page-title-wrapper elementor-widget-heading\">\n\n\t\t\t\t\t\t\t\t\t\t\t<a href=\"https:\/\/www.liceomixto.cl\/sanfelipe\">\n\t\t\t\t\t\t<h1 class=\"elementor-heading-title elementor-size-default\">\n\t\t\t\t\t\t\t\t\n\t\t\t\t\u00datiles Escolares 2020  \n\t\t\t<\/h1 > \n\t\t\t\t\t\t\t\t\t<\/a>\n\t\t\t\t\t<\/div>\n\t\t\t\t\t\t<\/div>\n\t\t\t\t<\/div>\n\t\t\t\t\t<\/div>\n\t\t<\/div>\n\t\t\t\t\t<\/div>\n\t\t<\/section>\n\t\t\t\t<section class=\"elementor-section elementor-top-section elementor-element elementor-element-5a270fe7 elementor-section-boxed elementor-section-height-default elementor-section-height-default\" data-id=\"5a270fe7\" data-element_type=\"section\" data-settings=\"{&quot;background_background&quot;:&quot;classic&quot;}\">\n\t\t\t\t\t\t<div class=\"elementor-container elementor-column-gap-default\">\n\t\t\t\t\t<div class=\"elementor-column elementor-col-66 elementor-top-column elementor-element elementor-element-63d5cbe8\" data-id=\"63d5cbe8\" data-element_type=\"column\">\n\t\t\t<div class=\"elementor-widget-wrap elementor-element-populated\">\n\t\t\t\t\t\t<div class=\"elementor-element elementor-element-f48520a elementor-widget elementor-widget-eael-adv-tabs\" data-id=\"f48520a\" data-element_type=\"widget\" data-widget_type=\"eael-adv-tabs.default\">\n\t\t\t\t<div class=\"elementor-widget-container\">\n\t\t\t\t\t        <div data-scroll-on-click=\"no\" data-scroll-speed=\"300\" id=\"eael-advance-tabs-f48520a\" class=\"eael-advance-tabs eael-tabs-horizontal eael-tab-auto-active \" data-tabid=\"f48520a\">\n            <div class=\"eael-tabs-nav\">\n                <ul class=\"\" role=\"tablist\">\n                                            <li id=\"bsica-san-felipe\" class=\"active-default eael-tab-item-trigger eael-tab-nav-item\" aria-selected=\"true\" data-tab=\"1\" role=\"tab\" tabindex=\"0\" aria-controls=\"bsica-san-felipe-tab\" aria-expanded=\"false\">\n                            \n                            \n                            \n                                                            <span class=\"eael-tab-title title-after-icon\" >B\u00e1sica San Felipe<\/span>                                                    <\/li>\n                                            <li id=\"media-san-felipe\" class=\"inactive eael-tab-item-trigger eael-tab-nav-item\" aria-selected=\"false\" data-tab=\"2\" role=\"tab\" tabindex=\"-1\" aria-controls=\"media-san-felipe-tab\" aria-expanded=\"false\">\n                            \n                            \n                            \n                                                            <span class=\"eael-tab-title title-after-icon\" >Media San Felipe:<\/span>                                                    <\/li>\n                                    <\/ul>\n            <\/div>\n            \n            <div class=\"eael-tabs-content\">\n\t\t        \n                    <div id=\"bsica-san-felipe-tab\" class=\"clearfix eael-tab-content-item active-default\" data-title-link=\"bsica-san-felipe-tab\">\n\t\t\t\t        <a href=\"\/sanfelipe\/wp-content\/uploads\/2020\/12\/Basica-Lista-Utiles-Prekinder.docx\">Prek\u00ednder<\/a>\n<a href=\"\/sanfelipe\/wp-content\/uploads\/2020\/12\/Basica-Lista-Utiles-Kinder.docx\">K\u00ednder<\/a>\n<a href=\"\/sanfelipe\/wp-content\/uploads\/2020\/12\/Basica-Lista-Utiles-1\u00ba-Basico.docx\">1\u00b0 B\u00e1sico<\/a>\n<a href=\"\/sanfelipe\/wp-content\/uploads\/2020\/12\/Basica-Lista-Utiles-2\u00ba-Basico.docx\">2\u00b0 B\u00e1sico<\/a>\n<a href=\"\/sanfelipe\/wp-content\/uploads\/2020\/12\/Basica-Lista-Utiles-3\u00ba-Basico.docx\">3\u00b0 B\u00e1sico<\/a>\n<a href=\"\/sanfelipe\/wp-content\/uploads\/2020\/12\/Basica-Lista-Utiles-4\u00ba-Basico.docx\">4\u00b0 B\u00e1sico<\/a>\n<a href=\"\/sanfelipe\/wp-content\/uploads\/2020\/12\/Basica-Lista-Utiles-5\u00ba-Basico.docx\">5\u00b0 B\u00e1sico<\/a>\n<a href=\"\/sanfelipe\/wp-content\/uploads\/2020\/12\/Basica-Lista-Utiles-6\u00ba-Basico.docx\">6\u00b0 B\u00e1sico<\/a>\n<a href=\"\/sanfelipe\/wp-content\/uploads\/2020\/12\/Basica-Lista-Utiles-7\u00ba-Basico.docx\">7\u00b0 B\u00e1sico<\/a>\n<a href=\"\/sanfelipe\/wp-content\/uploads\/2020\/12\/Basica-Lista-Utiles-8\u00ba-Basico.docx\">8\u00b0 B\u00e1sico<\/a>                    <\/div>\n\t\t        \n                    <div id=\"media-san-felipe-tab\" class=\"clearfix eael-tab-content-item inactive\" data-title-link=\"media-san-felipe-tab\">\n\t\t\t\t        <a href=\"\/sanfelipe\/wp-content\/uploads\/2020\/12\/Media-Lista-Utiles-I-medio.docx\">1\u00ba Medio<\/a>\n<a href=\"\/sanfelipe\/wp-content\/uploads\/2020\/12\/Media-Lista-Utiles-II-medio.docx\">2\u00ba Medio<\/a>\n<a href=\"\/sanfelipe\/wp-content\/uploads\/2020\/12\/Media-Lista-Utiles-III-medio-humanista-cientifico.docx\">3\u00ba Medio Humanista Cient\u00edfica<\/a>\n<a href=\"\/sanfelipe\/wp-content\/uploads\/2020\/12\/Media-Lista-Utiles-III-medio-explotacion-minera.docx\">3\u00ba Medio Explotaci\u00f3n Minera<\/a>\n<a href=\"\/sanfelipe\/wp-content\/uploads\/2020\/12\/Media-Lista-Utiles-III-medio-mecanica-automotriz.docx\">3\u00ba Medio Mec\u00e1nica Automotriz<\/a>\n<a href=\"\/sanfelipe\/wp-content\/uploads\/2020\/12\/Media-Lista-Utiles-III-medio-parvulos.docx\">3\u00ba Medio Asistente de P\u00e1rvulos<\/a>\n<a href=\"\/sanfelipe\/wp-content\/uploads\/2020\/12\/Media-Lista-Utiles-III-medio-laboratorio-quimico.docx\">3\u00ba Medio Qu\u00edmica Industrial<\/a>\n<a href=\"\/sanfelipe\/wp-content\/uploads\/2020\/12\/Media-Lista-Utiles-III-medio-refrigeracion.docx\">3\u00ba Medio Refrigeraci\u00f3n y Climatizaci\u00f3n<\/a>\n<a href=\"\/sanfelipe\/wp-content\/uploads\/2020\/12\/Media-Lista-Utiles-III-medio-telecomunicaciones.docx\">3\u00ba Medio Telecomunicaciones<\/a>\n<a href=\"\/sanfelipe\/wp-content\/uploads\/2020\/12\/Media-Lista-Utiles-IV-medio-humanista-cientifico.docx\">4\u00ba Medio Humanista Cient\u00edfica<\/a>\n<a href=\"\/sanfelipe\/wp-content\/uploads\/2020\/12\/Media-Lista-Utiles-IV-medio-explotacion-minera.docx\">4\u00ba Medio Explotaci\u00f3n Minera<\/a>\n<a href=\"\/sanfelipe\/wp-content\/uploads\/2020\/12\/Media-Lista-Utiles-IV-medio-mecanica-automotriz.docx\">4\u00ba Medio Mec\u00e1nica Automotriz<\/a>\n<a href=\"\/sanfelipe\/wp-content\/uploads\/2020\/12\/Media-Lista-Utiles-IV-medio-parvulos.docx\">4\u00ba Medio Asistente de P\u00e1rvulos<\/a>\n<a href=\"\/sanfelipe\/wp-content\/uploads\/2020\/12\/Media-Lista-Utiles-IV-medio-laboratorio-quimico.docx\">4\u00ba Medio Qu\u00edmica Industrial<\/a>\n<a href=\"\/sanfelipe\/wp-content\/uploads\/2020\/12\/Media-Lista-Utiles-IV-medio-refrigeracion.docx\">4\u00ba Medio Refrigeraci\u00f3n y Climatizaci\u00f3n<\/a>\n<a href=\"\/sanfelipe\/wp-content\/uploads\/2020\/12\/Media-Lista-Utiles-IV-medio-telecomunicaciones.docx\">4\u00ba Medio Telecomunicaciones<\/a>                    <\/div>\n\t\t                    <\/div>\n        <\/div>\n\t\t\t\t<\/div>\n\t\t\t\t<\/div>\n\t\t\t\t\t<\/div>\n\t\t<\/div>\n\t\t\t\t<div class=\"elementor-column elementor-col-33 elementor-top-column elementor-element elementor-element-f10daa\" data-id=\"f10daa\" data-element_type=\"column\">\n\t\t\t<div class=\"elementor-widget-wrap elementor-element-populated\">\n\t\t\t\t\t\t\t<\/div>\n\t\t<\/div>\n\t\t\t\t\t<\/div>\n\t\t<\/section>\n\t\t\t\t<\/div>\n\t\t","protected":false},"excerpt":{"rendered":"<p>\u00datiles Escolares 2020 B\u00e1sica San Felipe Media San Felipe: Prek\u00ednder K\u00ednder 1\u00b0 B\u00e1sico 2\u00b0 B\u00e1sico 3\u00b0 B\u00e1sico 4\u00b0 B\u00e1sico 5\u00b0 B\u00e1sico 6\u00b0 B\u00e1sico 7\u00b0 B\u00e1sico 8\u00b0 B\u00e1sico 1\u00ba Medio 2\u00ba Medio 3\u00ba Medio Humanista Cient\u00edfica 3\u00ba Medio Explotaci\u00f3n Minera 3\u00ba Medio Mec\u00e1nica Automotriz 3\u00ba Medio Asistente de P\u00e1rvulos 3\u00ba Medio [&hellip;]<\/p>\n","protected":false},"author":4,"featured_media":0,"parent":0,"menu_order":0,"comment_status":"closed","ping_status":"closed","template":"elementor_header_footer","meta":{"footnotes":""},"_links":{"self":[{"href":"https:\/\/www.liceomixto.cl\/sanfelipe\/wp-json\/wp\/v2\/pages\/765"}],"collection":[{"href":"https:\/\/www.liceomixto.cl\/sanfelipe\/wp-json\/wp\/v2\/pages"}],"about":[{"href":"https:\/\/www.liceomixto.cl\/sanfelipe\/wp-json\/wp\/v2\/types\/page"}],"author":[{"embeddable":true,"href":"https:\/\/www.liceomixto.cl\/sanfelipe\/wp-json\/wp\/v2\/users\/4"}],"replies":[{"embeddable":true,"href":"https:\/\/www.liceomixto.cl\/sanfelipe\/wp-json\/wp\/v2\/comments?post=765"}],"version-history":[{"count":32,"href":"https:\/\/www.liceomixto.cl\/sanfelipe\/wp-json\/wp\/v2\/pages\/765\/revisions"}],"predecessor-version":[{"id":3582,"href":"https:\/\/www.liceomixto.cl\/sanfelipe\/wp-json\/wp\/v2\/pages\/765\/revisions\/3582"}],"wp:attachment":[{"href":"https:\/\/www.liceomixto.cl\/sanfelipe\/wp-json\/wp\/v2\/media?parent=765"}],"curies":[{"name":"wp","href":"https:\/\/api.w.org\/{rel}","templated":true}]}}